{"id":14449,"date":"2026-01-26T09:44:26","date_gmt":"2026-01-26T08:44:26","guid":{"rendered":"https:\/\/mediation-fieldmarketing.lu\/field-marketing-luxembourg-international\/"},"modified":"2026-01-26T09:46:11","modified_gmt":"2026-01-26T08:46:11","slug":"field-marketing-luxembourg-international","status":"publish","type":"page","link":"https:\/\/old.mediation-fieldmarketing.lu\/en\/field-marketing-luxembourg-international\/","title":{"rendered":"Field Marketing Luxembourg International"},"content":{"rendered":"\t\t<div data-elementor-type=\"wp-page\" data-elementor-id=\"14449\" class=\"elementor elementor-14449\" data-elementor-post-type=\"page\">\n\t\t\t\t\t\t<section class=\"elementor-section elementor-top-section elementor-element elementor-element-8848440 elementor-section-full_width elementor-section-height-min-height elementor-section-height-default elementor-section-items-middle\" data-id=\"8848440\" data-element_type=\"section\" data-e-type=\"section\" data-settings=\"{&quot;background_background&quot;:&quot;video&quot;,&quot;background_video_link&quot;:&quot;https:\\\/\\\/youtu.be\\\/TDrsboUbsJQ&quot;}\">\n\t\t\t\t\t\t\t\t<div class=\"elementor-background-video-container elementor-hidden-mobile\">\n\t\t\t\t\t\t\t\t\t\t\t\t\t<div class=\"elementor-background-video-embed\" role=\"presentation\"><\/div>\n\t\t\t\t\t\t\t\t\t\t\t\t<\/div>\n\t\t\t\t\t\t\t\t<div class=\"elementor-container elementor-column-gap-default\">\n\t\t\t\t\t<div class=\"elementor-column elementor-col-100 elementor-top-column elementor-element elementor-element-3c1aec3\" data-id=\"3c1aec3\" data-element_type=\"column\" data-e-type=\"column\">\n\t\t\t<div class=\"elementor-widget-wrap\">\n\t\t\t\t\t\t\t<\/div>\n\t\t<\/div>\n\t\t\t\t\t<\/div>\n\t\t<\/section>\n\t\t\t\t<section class=\"elementor-section elementor-top-section elementor-element elementor-element-562d7ff elementor-section-boxed elementor-section-height-default elementor-section-height-default\" data-id=\"562d7ff\" data-element_type=\"section\" data-e-type=\"section\">\n\t\t\t\t\t\t<div class=\"elementor-container elementor-column-gap-default\">\n\t\t\t\t\t<div class=\"elementor-column elementor-col-100 elementor-top-column elementor-element elementor-element-241502c\" data-id=\"241502c\" data-element_type=\"column\" data-e-type=\"column\">\n\t\t\t<div class=\"elementor-widget-wrap elementor-element-populated\">\n\t\t\t\t\t\t<div class=\"elementor-element elementor-element-adf1f32 elementor-widget elementor-widget-heading\" data-id=\"adf1f32\" data-element_type=\"widget\" data-e-type=\"widget\" data-widget_type=\"heading.default\">\n\t\t\t\t<div class=\"elementor-widget-container\">\n\t\t\t\t\t<h1 class=\"elementor-heading-title elementor-size-default\">Field Marketing Luxembourg International<\/h1>\t\t\t\t<\/div>\n\t\t\t\t<\/div>\n\t\t\t\t\t<\/div>\n\t\t<\/div>\n\t\t\t\t\t<\/div>\n\t\t<\/section>\n\t\t\t\t<section class=\"elementor-section elementor-top-section elementor-element elementor-element-7f22ad0 elementor-section-boxed elementor-section-height-default elementor-section-height-default\" data-id=\"7f22ad0\" data-element_type=\"section\" data-e-type=\"section\">\n\t\t\t\t\t\t<div class=\"elementor-container elementor-column-gap-default\">\n\t\t\t\t\t<div class=\"elementor-column elementor-col-50 elementor-top-column elementor-element elementor-element-230b1a9\" data-id=\"230b1a9\" data-element_type=\"column\" data-e-type=\"column\">\n\t\t\t<div class=\"elementor-widget-wrap elementor-element-populated\">\n\t\t\t\t\t\t<div class=\"elementor-element elementor-element-a609057 elementor-widget elementor-widget-text-editor\" data-id=\"a609057\" data-element_type=\"widget\" data-e-type=\"widget\" data-widget_type=\"text-editor.default\">\n\t\t\t\t<div class=\"elementor-widget-container\">\n\t\t\t\t\t\t\t\t\t<h2>Field marketing au Luxembourg pour les agences et marques \u00e9trang\u00e8res<\/h2><p>D\u00e9ployer une action de field marketing au Luxembourg depuis l\u2019\u00e9tranger ne consiste pas \u00e0 dupliquer un dispositif existant. Le march\u00e9 luxembourgeois poss\u00e8de ses propres codes, son rythme, ses exigences relationnelles et une forte dimension multilingue.<\/p><p>Pour les agences internationales comme pour les marques \u00e9trang\u00e8res, s\u2019appuyer sur un partenaire local permet de s\u00e9curiser l\u2019ex\u00e9cution terrain tout en garantissant coh\u00e9rence, qualit\u00e9 et efficacit\u00e9 op\u00e9rationnelle.<\/p>\t\t\t\t\t\t\t\t<\/div>\n\t\t\t\t<\/div>\n\t\t\t\t\t<\/div>\n\t\t<\/div>\n\t\t\t\t<div class=\"elementor-column elementor-col-50 elementor-top-column elementor-element elementor-element-2998fb0\" data-id=\"2998fb0\" data-element_type=\"column\" data-e-type=\"column\">\n\t\t\t<div class=\"elementor-widget-wrap elementor-element-populated\">\n\t\t\t\t\t\t<div class=\"elementor-element elementor-element-39684bd elementor-widget elementor-widget-image\" data-id=\"39684bd\" data-element_type=\"widget\" data-e-type=\"widget\" data-widget_type=\"image.default\">\n\t\t\t\t<div class=\"elementor-widget-container\">\n\t\t\t\t\t\t\t\t\t\t\t\t\t\t\t<img fetchpriority=\"high\" decoding=\"async\" width=\"800\" height=\"400\" src=\"https:\/\/old.mediation-fieldmarketing.lu\/wp-content\/uploads\/2016\/11\/annonce_digicash.jpg\" class=\"attachment-large size-large wp-image-1586\" alt=\"\" srcset=\"https:\/\/old.mediation-fieldmarketing.lu\/wp-content\/uploads\/2016\/11\/annonce_digicash.jpg 800w, https:\/\/old.mediation-fieldmarketing.lu\/wp-content\/uploads\/2016\/11\/annonce_digicash-768x384.jpg 768w, https:\/\/old.mediation-fieldmarketing.lu\/wp-content\/uploads\/2016\/11\/annonce_digicash-624x312.jpg 624w\" sizes=\"(max-width: 800px) 100vw, 800px\" \/>\t\t\t\t\t\t\t\t\t\t\t\t\t\t\t<\/div>\n\t\t\t\t<\/div>\n\t\t\t\t\t<\/div>\n\t\t<\/div>\n\t\t\t\t\t<\/div>\n\t\t<\/section>\n\t\t\t\t<section class=\"elementor-section elementor-top-section elementor-element elementor-element-f7f390b elementor-section-boxed elementor-section-height-default elementor-section-height-default\" data-id=\"f7f390b\" data-element_type=\"section\" data-e-type=\"section\">\n\t\t\t\t\t\t<div class=\"elementor-container elementor-column-gap-default\">\n\t\t\t\t\t<div class=\"elementor-column elementor-col-50 elementor-top-column elementor-element elementor-element-b5a6b43\" data-id=\"b5a6b43\" data-element_type=\"column\" data-e-type=\"column\">\n\t\t\t<div class=\"elementor-widget-wrap elementor-element-populated\">\n\t\t\t\t\t\t<div class=\"elementor-element elementor-element-a11877f elementor-widget elementor-widget-image\" data-id=\"a11877f\" data-element_type=\"widget\" data-e-type=\"widget\" data-widget_type=\"image.default\">\n\t\t\t\t<div class=\"elementor-widget-container\">\n\t\t\t\t\t\t\t\t\t\t\t\t\t\t\t<img decoding=\"async\" width=\"624\" height=\"500\" src=\"https:\/\/old.mediation-fieldmarketing.lu\/wp-content\/uploads\/2024\/12\/hotesses-gallery07-624x500.webp\" class=\"attachment-medium size-medium wp-image-14183\" alt=\"\" \/>\t\t\t\t\t\t\t\t\t\t\t\t\t\t\t<\/div>\n\t\t\t\t<\/div>\n\t\t\t\t\t<\/div>\n\t\t<\/div>\n\t\t\t\t<div class=\"elementor-column elementor-col-50 elementor-top-column elementor-element elementor-element-f33a8f1\" data-id=\"f33a8f1\" data-element_type=\"column\" data-e-type=\"column\">\n\t\t\t<div class=\"elementor-widget-wrap elementor-element-populated\">\n\t\t\t\t\t\t<div class=\"elementor-element elementor-element-5f36913 elementor-widget elementor-widget-text-editor\" data-id=\"5f36913\" data-element_type=\"widget\" data-e-type=\"widget\" data-widget_type=\"text-editor.default\">\n\t\t\t\t<div class=\"elementor-widget-container\">\n\t\t\t\t\t\t\t\t\t<h2>Vous \u00eates une agence \u00e9trang\u00e8re<\/h2><p>Les agences field marketing internationales ou europ\u00e9ennes g\u00e8rent r\u00e9guli\u00e8rement des dispositifs multi-pays incluant le Luxembourg. Dans ce cadre, elles recherchent un relais local fiable capable d\u2019intervenir rapidement, avec des \u00e9quipes form\u00e9es et une parfaite connaissance du terrain.<\/p><p>Notre r\u00f4le consiste \u00e0 intervenir comme partenaire field marketing au Luxembourg, en soutien de vos \u00e9quipes. Nous assurons l\u2019ex\u00e9cution op\u00e9rationnelle, la coordination locale, la gestion des \u00e9quipes terrain et le reporting, dans le respect de vos process et de votre organisation.<\/p>\t\t\t\t\t\t\t\t<\/div>\n\t\t\t\t<\/div>\n\t\t\t\t\t<\/div>\n\t\t<\/div>\n\t\t\t\t\t<\/div>\n\t\t<\/section>\n\t\t\t\t<section class=\"elementor-section elementor-top-section elementor-element elementor-element-554ddd4 elementor-section-boxed elementor-section-height-default elementor-section-height-default\" data-id=\"554ddd4\" data-element_type=\"section\" data-e-type=\"section\">\n\t\t\t\t\t\t<div class=\"elementor-container elementor-column-gap-default\">\n\t\t\t\t\t<div class=\"elementor-column elementor-col-50 elementor-top-column elementor-element elementor-element-1e439da\" data-id=\"1e439da\" data-element_type=\"column\" data-e-type=\"column\">\n\t\t\t<div class=\"elementor-widget-wrap elementor-element-populated\">\n\t\t\t\t\t\t<div class=\"elementor-element elementor-element-8bd5869 elementor-widget elementor-widget-text-editor\" data-id=\"8bd5869\" data-element_type=\"widget\" data-e-type=\"widget\" data-widget_type=\"text-editor.default\">\n\t\t\t\t<div class=\"elementor-widget-container\">\n\t\t\t\t\t\t\t\t\t<h2>Vous \u00eates une marque internationale<\/h2><p>Pour une marque \u00e9trang\u00e8re, activer le march\u00e9 luxembourgeois suppose une adaptation fine. Le public est multiculturel, les environnements sont souvent B2B, et les attentes en mati\u00e8re de professionnalisme sont \u00e9lev\u00e9es.<\/p><p>Nous accompagnons les marques internationales dans le d\u00e9ploiement d\u2019actions de marketing terrain, d\u2019activations de marque et d\u2019op\u00e9rations \u00e9v\u00e9nementielles, en veillant \u00e0 l\u2019alignement entre strat\u00e9gie globale et r\u00e9alit\u00e9 locale.<\/p>\t\t\t\t\t\t\t\t<\/div>\n\t\t\t\t<\/div>\n\t\t\t\t\t<\/div>\n\t\t<\/div>\n\t\t\t\t<div class=\"elementor-column elementor-col-50 elementor-top-column elementor-element elementor-element-5d1c3e6\" data-id=\"5d1c3e6\" data-element_type=\"column\" data-e-type=\"column\">\n\t\t\t<div class=\"elementor-widget-wrap elementor-element-populated\">\n\t\t\t\t\t\t<div class=\"elementor-element elementor-element-84f2205 elementor-widget elementor-widget-image\" data-id=\"84f2205\" data-element_type=\"widget\" data-e-type=\"widget\" data-widget_type=\"image.default\">\n\t\t\t\t<div class=\"elementor-widget-container\">\n\t\t\t\t\t\t\t\t\t\t\t\t\t\t\t<img decoding=\"async\" width=\"564\" height=\"500\" src=\"https:\/\/old.mediation-fieldmarketing.lu\/wp-content\/uploads\/2023\/06\/segway-564x500.webp\" class=\"attachment-medium size-medium wp-image-13963\" alt=\"\" \/>\t\t\t\t\t\t\t\t\t\t\t\t\t\t\t<\/div>\n\t\t\t\t<\/div>\n\t\t\t\t\t<\/div>\n\t\t<\/div>\n\t\t\t\t\t<\/div>\n\t\t<\/section>\n\t\t\t\t<section class=\"elementor-section elementor-top-section elementor-element elementor-element-e2a6e9b elementor-section-boxed elementor-section-height-default elementor-section-height-default\" data-id=\"e2a6e9b\" data-element_type=\"section\" data-e-type=\"section\">\n\t\t\t\t\t\t<div class=\"elementor-container elementor-column-gap-default\">\n\t\t\t\t\t<div class=\"elementor-column elementor-col-50 elementor-top-column elementor-element elementor-element-f2a4d29\" data-id=\"f2a4d29\" data-element_type=\"column\" data-e-type=\"column\">\n\t\t\t<div class=\"elementor-widget-wrap elementor-element-populated\">\n\t\t\t\t\t\t<div class=\"elementor-element elementor-element-2491939 elementor-widget elementor-widget-image\" data-id=\"2491939\" data-element_type=\"widget\" data-e-type=\"widget\" data-widget_type=\"image.default\">\n\t\t\t\t<div class=\"elementor-widget-container\">\n\t\t\t\t\t\t\t\t\t\t\t\t\t\t\t<img loading=\"lazy\" decoding=\"async\" width=\"670\" height=\"500\" src=\"https:\/\/old.mediation-fieldmarketing.lu\/wp-content\/uploads\/2022\/08\/banner_field_sondage-670x500.jpg\" class=\"attachment-medium size-medium wp-image-4440\" alt=\"Sondages\" \/>\t\t\t\t\t\t\t\t\t\t\t\t\t\t\t<\/div>\n\t\t\t\t<\/div>\n\t\t\t\t\t<\/div>\n\t\t<\/div>\n\t\t\t\t<div class=\"elementor-column elementor-col-50 elementor-top-column elementor-element elementor-element-9520537\" data-id=\"9520537\" data-element_type=\"column\" data-e-type=\"column\">\n\t\t\t<div class=\"elementor-widget-wrap elementor-element-populated\">\n\t\t\t\t\t\t<div class=\"elementor-element elementor-element-e6403c8 elementor-widget elementor-widget-text-editor\" data-id=\"e6403c8\" data-element_type=\"widget\" data-e-type=\"widget\" data-widget_type=\"text-editor.default\">\n\t\t\t\t<div class=\"elementor-widget-container\">\n\t\t\t\t\t\t\t\t\t<h2>Pourquoi le Luxembourg n\u00e9cessite un partenaire terrain local<\/h2><p>Le Luxembourg est un march\u00e9 compact mais complexe. Le multilinguisme est omnipr\u00e9sent, avec des publics alternant naturellement entre fran\u00e7ais, anglais, allemand et luxembourgeois.<\/p><p>La densit\u00e9 institutionnelle et \u00e9conomique implique \u00e9galement une grande rigueur op\u00e9rationnelle. Les d\u00e9lais sont courts, les standards \u00e9lev\u00e9s, et chaque interaction contribue \u00e0 la perception de marque.<\/p>\t\t\t\t\t\t\t\t<\/div>\n\t\t\t\t<\/div>\n\t\t\t\t\t<\/div>\n\t\t<\/div>\n\t\t\t\t\t<\/div>\n\t\t<\/section>\n\t\t\t\t<section class=\"elementor-section elementor-top-section elementor-element elementor-element-601837a elementor-section-boxed elementor-section-height-default elementor-section-height-default\" data-id=\"601837a\" data-element_type=\"section\" data-e-type=\"section\">\n\t\t\t\t\t\t<div class=\"elementor-container elementor-column-gap-default\">\n\t\t\t\t\t<div class=\"elementor-column elementor-col-50 elementor-top-column elementor-element elementor-element-39f9371\" data-id=\"39f9371\" data-element_type=\"column\" data-e-type=\"column\">\n\t\t\t<div class=\"elementor-widget-wrap elementor-element-populated\">\n\t\t\t\t\t\t<div class=\"elementor-element elementor-element-561d157 elementor-widget elementor-widget-text-editor\" data-id=\"561d157\" data-element_type=\"widget\" data-e-type=\"widget\" data-widget_type=\"text-editor.default\">\n\t\t\t\t<div class=\"elementor-widget-container\">\n\t\t\t\t\t\t\t\t\t<h2>Notre r\u00f4le comme partenaire field marketing international<\/h2><p>Nous intervenons comme interface entre votre strat\u00e9gie globale et la r\u00e9alit\u00e9 du terrain luxembourgeois. Notre mission est de transformer une intention marketing d\u00e9finie \u00e0 l\u2019\u00e9tranger en une ex\u00e9cution locale fluide et ma\u00eetris\u00e9e.<\/p><h2>Des dispositifs adapt\u00e9s aux enjeux internationaux<\/h2><p>Chaque op\u00e9ration internationale implique des ajustements. Le r\u00f4le du partenaire local est de s\u00e9curiser le dispositif, d\u2019en pr\u00e9server la coh\u00e9rence et d\u2019assurer une exp\u00e9rience homog\u00e8ne pour les publics.<\/p>\t\t\t\t\t\t\t\t<\/div>\n\t\t\t\t<\/div>\n\t\t\t\t\t<\/div>\n\t\t<\/div>\n\t\t\t\t<div class=\"elementor-column elementor-col-50 elementor-top-column elementor-element elementor-element-f96e090\" data-id=\"f96e090\" data-element_type=\"column\" data-e-type=\"column\">\n\t\t\t<div class=\"elementor-widget-wrap elementor-element-populated\">\n\t\t\t\t\t\t<div class=\"elementor-element elementor-element-c066356 elementor-widget elementor-widget-image\" data-id=\"c066356\" data-element_type=\"widget\" data-e-type=\"widget\" data-widget_type=\"image.default\">\n\t\t\t\t<div class=\"elementor-widget-container\">\n\t\t\t\t\t\t\t\t\t\t\t\t\t\t\t<img loading=\"lazy\" decoding=\"async\" width=\"600\" height=\"400\" src=\"https:\/\/old.mediation-fieldmarketing.lu\/wp-content\/uploads\/2016\/09\/1348589-inline.jpg\" class=\"attachment-medium size-medium wp-image-1571\" alt=\"\" \/>\t\t\t\t\t\t\t\t\t\t\t\t\t\t\t<\/div>\n\t\t\t\t<\/div>\n\t\t\t\t\t<\/div>\n\t\t<\/div>\n\t\t\t\t\t<\/div>\n\t\t<\/section>\n\t\t\t\t<section class=\"elementor-section elementor-top-section elementor-element elementor-element-25546d8 elementor-section-boxed elementor-section-height-default elementor-section-height-default\" data-id=\"25546d8\" data-element_type=\"section\" data-e-type=\"section\">\n\t\t\t\t\t\t<div class=\"elementor-container elementor-column-gap-default\">\n\t\t\t\t\t<div class=\"elementor-column elementor-col-100 elementor-top-column elementor-element elementor-element-b861b9c\" data-id=\"b861b9c\" data-element_type=\"column\" data-e-type=\"column\">\n\t\t\t<div class=\"elementor-widget-wrap elementor-element-populated\">\n\t\t\t\t\t\t<div class=\"elementor-element elementor-element-a9d811a elementor-widget elementor-widget-text-editor\" data-id=\"a9d811a\" data-element_type=\"widget\" data-e-type=\"widget\" data-widget_type=\"text-editor.default\">\n\t\t\t\t<div class=\"elementor-widget-container\">\n\t\t\t\t\t\t\t\t\t<h2>Conclusion<\/h2><p>Le Luxembourg repr\u00e9sente un march\u00e9 strat\u00e9gique pour de nombreuses organisations internationales. Sa sp\u00e9cificit\u00e9 impose toutefois une approche locale ma\u00eetris\u00e9e.<\/p>\t\t\t\t\t\t\t\t<\/div>\n\t\t\t\t<\/div>\n\t\t\t\t\t<\/div>\n\t\t<\/div>\n\t\t\t\t\t<\/div>\n\t\t<\/section>\n\t\t\t\t<\/div>\n\t\t","protected":false},"excerpt":{"rendered":"<p>Field Marketing Luxembourg International Field marketing in Luxembourg for foreign agencies and brands Rolling out a field marketing campaign in Luxembourg from abroad is not simply about duplicating an existing setup. The Luxembourg market has its own codes, its own pace, specific relationship expectations, and a strong multilingual dimension. For international agencies as well as [&hellip;]<\/p>\n","protected":false},"author":1,"featured_media":0,"parent":0,"menu_order":0,"comment_status":"closed","ping_status":"closed","template":"elementor_header_footer","meta":{"footnotes":""},"class_list":["post-14449","page","type-page","status-publish","hentry"],"aioseo_notices":[],"_links":{"self":[{"href":"https:\/\/old.mediation-fieldmarketing.lu\/en\/wp-json\/wp\/v2\/pages\/14449","targetHints":{"allow":["GET"]}}],"collection":[{"href":"https:\/\/old.mediation-fieldmarketing.lu\/en\/wp-json\/wp\/v2\/pages"}],"about":[{"href":"https:\/\/old.mediation-fieldmarketing.lu\/en\/wp-json\/wp\/v2\/types\/page"}],"author":[{"embeddable":true,"href":"https:\/\/old.mediation-fieldmarketing.lu\/en\/wp-json\/wp\/v2\/users\/1"}],"replies":[{"embeddable":true,"href":"https:\/\/old.mediation-fieldmarketing.lu\/en\/wp-json\/wp\/v2\/comments?post=14449"}],"version-history":[{"count":1,"href":"https:\/\/old.mediation-fieldmarketing.lu\/en\/wp-json\/wp\/v2\/pages\/14449\/revisions"}],"predecessor-version":[{"id":14450,"href":"https:\/\/old.mediation-fieldmarketing.lu\/en\/wp-json\/wp\/v2\/pages\/14449\/revisions\/14450"}],"wp:attachment":[{"href":"https:\/\/old.mediation-fieldmarketing.lu\/en\/wp-json\/wp\/v2\/media?parent=14449"}],"curies":[{"name":"wp","href":"https:\/\/api.w.org\/{rel}","templated":true}]}}